{"id":275,"date":"2023-02-01T11:00:28","date_gmt":"2023-02-01T14:00:28","guid":{"rendered":"http:\/\/www.lumegrupo.com.br\/?page_id=275"},"modified":"2025-09-21T16:14:41","modified_gmt":"2025-09-21T19:14:41","slug":"join-us","status":"publish","type":"page","link":"https:\/\/www.lumegrupo.com.br\/en\/grupo-lume\/join-us\/","title":{"rendered":"Join Us"},"content":{"rendered":"<p><div class=\"fusion-fullwidth fullwidth-box fusion-builder-row-1 fusion-flex-container has-pattern-background has-mask-background fusion-parallax-none nonhundred-percent-fullwidth non-hundred-percent-height-scrolling\" style=\"--awb-border-radius-top-left:0px;--awb-border-radius-top-right:0px;--awb-border-radius-bottom-right:0px;--awb-border-radius-bottom-left:0px;--awb-padding-top:3%;--awb-padding-right:20px;--awb-padding-bottom:3%;--awb-padding-left:20px;--awb-min-height:520px;--awb-background-image:url(&quot;http:\/\/www.lumegrupo.com.br\/wp-content\/uploads\/2023\/03\/lume_site_layout_TRABALHE_CONOSCO_banner_bg_V2_09_03_23.png&quot;);--awb-background-size:cover;--awb-flex-wrap:wrap;\" ><div class=\"fusion-builder-row fusion-row fusion-flex-align-items-flex-end fusion-flex-content-wrap\" style=\"max-width:1248px;margin-left: calc(-4% \/ 2 );margin-right: calc(-4% \/ 2 );\"><div class=\"fusion-layout-column fusion_builder_column fusion-builder-column-0 fusion_builder_column_1_2 1_2 fusion-flex-column\" style=\"--awb-bg-size:cover;--awb-width-large:50%;--awb-margin-top-large:0px;--awb-spacing-right-large:3.84%;--awb-margin-bottom-large:20px;--awb-spacing-left-large:3.84%;--awb-width-medium:50%;--awb-order-medium:0;--awb-spacing-right-medium:3.84%;--awb-spacing-left-medium:3.84%;--awb-width-small:100%;--awb-order-small:0;--awb-spacing-right-small:1.92%;--awb-spacing-left-small:1.92%;\"><div class=\"fusion-column-wrapper fusion-column-has-shadow fusion-flex-justify-content-flex-start fusion-content-layout-column\"><div class=\"fusion-text fusion-text-1\"><h2><span style=\"color: #ffffff;\">Work <strong>With Us<\/strong><\/span><\/h2>\n<h3><span style=\"color: #ffffff;\">Come <strong>create<\/strong> with us<\/span><\/h3>\n<\/div><\/div><\/div><\/div><\/div><div class=\"fusion-fullwidth fullwidth-box fusion-builder-row-2 fusion-flex-container has-pattern-background has-mask-background fusion-parallax-none nonhundred-percent-fullwidth non-hundred-percent-height-scrolling\" style=\"--awb-background-position:center top;--awb-border-radius-top-left:0px;--awb-border-radius-top-right:0px;--awb-border-radius-bottom-right:0px;--awb-border-radius-bottom-left:0px;--awb-padding-top:3%;--awb-padding-right:20px;--awb-padding-bottom:3%;--awb-padding-left:20px;--awb-min-height:600px;--awb-background-color:var(--awb-color1);--awb-background-image:linear-gradient(180deg, rgba(255,255,255,0) 0%,var(--awb-color1) 95%),url(http:\/\/www.lumegrupo.com.br\/wp-content\/uploads\/2023\/02\/lume_site_layout_bg_white_3_03_02_23.png);;--awb-background-size:cover;--awb-flex-wrap:wrap;\" ><div class=\"fusion-builder-row fusion-row fusion-flex-align-items-stretch fusion-flex-align-content-center fusion-flex-content-wrap\" style=\"max-width:1248px;margin-left: calc(-4% \/ 2 );margin-right: calc(-4% \/ 2 );\"><div class=\"fusion-layout-column fusion_builder_column fusion-builder-column-1 fusion_builder_column_2_5 2_5 fusion-flex-column\" style=\"--awb-bg-size:cover;--awb-width-large:40%;--awb-margin-top-large:0px;--awb-spacing-right-large:4.8%;--awb-margin-bottom-large:20px;--awb-spacing-left-large:4.8%;--awb-width-medium:40%;--awb-order-medium:0;--awb-spacing-right-medium:4.8%;--awb-spacing-left-medium:4.8%;--awb-width-small:100%;--awb-order-small:0;--awb-spacing-right-small:1.92%;--awb-spacing-left-small:1.92%;\"><div class=\"fusion-column-wrapper fusion-column-has-shadow fusion-flex-justify-content-flex-start fusion-content-layout-column\"><div class=\"fusion-text fusion-text-2\"><p>If you want to transform your career and lead major achievements, come work at the <strong>Grupo LUME<\/strong>.<\/p>\n<p>Being a CREATOR means being collaborative, creative, and committed to success. It means being passionate about technology and having the drive to create and accomplish. Come co-create with us.<\/p>\n<\/div><\/div><\/div><\/div><\/div><div class=\"fusion-fullwidth fullwidth-box fusion-builder-row-3 fusion-flex-container has-pattern-background has-mask-background fusion-parallax-none nonhundred-percent-fullwidth non-hundred-percent-height-scrolling\" style=\"--awb-border-radius-top-left:0px;--awb-border-radius-top-right:0px;--awb-border-radius-bottom-right:0px;--awb-border-radius-bottom-left:0px;--awb-padding-top:3%;--awb-padding-right:20px;--awb-padding-bottom:3%;--awb-padding-left:20px;--awb-background-image:url(&quot;http:\/\/www.lumegrupo.com.br\/wp-content\/uploads\/2023\/01\/Retangulo-553.png&quot;);--awb-background-size:cover;--awb-flex-wrap:wrap;\" ><div class=\"fusion-builder-row fusion-row fusion-flex-align-items-flex-start fusion-flex-content-wrap\" style=\"max-width:1248px;margin-left: calc(-4% \/ 2 );margin-right: calc(-4% \/ 2 );\"><div class=\"fusion-layout-column fusion_builder_column fusion-builder-column-2 fusion_builder_column_1_3 1_3 fusion-flex-column\" style=\"--awb-bg-size:cover;--awb-width-large:33.333333333333%;--awb-margin-top-large:0px;--awb-spacing-right-large:5.76%;--awb-margin-bottom-large:20px;--awb-spacing-left-large:5.76%;--awb-width-medium:33.333333333333%;--awb-order-medium:0;--awb-spacing-right-medium:5.76%;--awb-spacing-left-medium:5.76%;--awb-width-small:100%;--awb-order-small:0;--awb-spacing-right-small:1.92%;--awb-spacing-left-small:1.92%;\"><div class=\"fusion-column-wrapper fusion-column-has-shadow fusion-flex-justify-content-flex-start fusion-content-layout-column\"><div class=\"fusion-text fusion-text-3\"><p><span style=\"color: #ffffff;\">Join our team.<\/span><\/p>\n<p><span style=\"color: #ffffff;\">Work with the leading manufacturers and the most advanced technologies in the world.<\/span><\/p>\n<p><span style=\"color: #ffffff;\">And have the opportunity to make history\u2014ours and yours.<\/span><\/p>\n<p><span style=\"color: #ffffff;\">Choose the position that best fits your profile and submit your resume.<\/span><\/p>\n<p><span style=\"color: #ffffff;\">Alternatively, select the Talent Pool option if you don\u2019t find a suitable position at the moment but still want to join our talent network.<\/span><\/p>\n<\/div><\/div><\/div><div class=\"fusion-layout-column fusion_builder_column fusion-builder-column-3 fusion_builder_column_1_6 1_6 fusion-flex-column\" style=\"--awb-bg-size:cover;--awb-width-large:16.666666666667%;--awb-margin-top-large:0px;--awb-spacing-right-large:11.52%;--awb-margin-bottom-large:20px;--awb-spacing-left-large:11.52%;--awb-width-medium:16.666666666667%;--awb-order-medium:0;--awb-spacing-right-medium:11.52%;--awb-spacing-left-medium:11.52%;--awb-width-small:100%;--awb-order-small:0;--awb-spacing-right-small:1.92%;--awb-spacing-left-small:1.92%;\"><div class=\"fusion-column-wrapper fusion-column-has-shadow fusion-flex-justify-content-flex-start fusion-content-layout-column\"><\/div><\/div><div class=\"fusion-layout-column fusion_builder_column fusion-builder-column-4 fusion_builder_column_1_2 1_2 fusion-flex-column\" style=\"--awb-bg-size:cover;--awb-width-large:50%;--awb-margin-top-large:0px;--awb-spacing-right-large:3.84%;--awb-margin-bottom-large:20px;--awb-spacing-left-large:3.84%;--awb-width-medium:50%;--awb-order-medium:0;--awb-spacing-right-medium:3.84%;--awb-spacing-left-medium:3.84%;--awb-width-small:100%;--awb-order-small:0;--awb-spacing-right-small:1.92%;--awb-spacing-left-small:1.92%;\" id=\"form_work\"><div class=\"fusion-column-wrapper fusion-column-has-shadow fusion-flex-justify-content-flex-start fusion-content-layout-column\"><div class=\"fusion-text fusion-text-4\"><p><span style=\"color: #ffffff;\">Fields marked with * are required<\/span><\/p>\n<\/div>\n<div class=\"wpcf7 no-js\" id=\"wpcf7-f295-o1\" lang=\"pt-BR\" dir=\"ltr\" data-wpcf7-id=\"295\">\n<div class=\"screen-reader-response\"><p role=\"status\" aria-live=\"polite\" aria-atomic=\"true\"><\/p> <ul><\/ul><\/div>\n<form action=\"\/en\/wp-json\/wp\/v2\/pages\/275#wpcf7-f295-o1\" method=\"post\" class=\"wpcf7-form init\" aria-label=\"Formul\u00e1rios de contato\" enctype=\"multipart\/form-data\" novalidate=\"novalidate\" data-status=\"init\">\n<fieldset class=\"hidden-fields-container\"><input type=\"hidden\" name=\"_wpcf7\" value=\"295\" \/><input type=\"hidden\" name=\"_wpcf7_version\" value=\"6.1.1\" \/><input type=\"hidden\" name=\"_wpcf7_locale\" value=\"pt_BR\" \/><input type=\"hidden\" name=\"_wpcf7_unit_tag\" value=\"wpcf7-f295-o1\" \/><input type=\"hidden\" name=\"_wpcf7_container_post\" value=\"0\" \/><input type=\"hidden\" name=\"_wpcf7_posted_data_hash\" value=\"\" \/><input type=\"hidden\" name=\"_wpcf7_recaptcha_response\" value=\"\" \/>\n<\/fieldset>\n<p>Name*:<br \/>\n<span class=\"wpcf7-form-control-wrap\" data-name=\"nome\"><input size=\"40\" maxlength=\"400\" class=\"wpcf7-form-control wpcf7-text wpcf7-validates-as-required\" aria-required=\"true\" aria-invalid=\"false\" value=\"\" type=\"text\" name=\"nome\" \/><\/span>\n<\/p>\n<p>Email*:<br \/>\n<span class=\"wpcf7-form-control-wrap\" data-name=\"email\"><input size=\"40\" maxlength=\"400\" class=\"wpcf7-form-control wpcf7-email wpcf7-validates-as-required wpcf7-text wpcf7-validates-as-email\" aria-required=\"true\" aria-invalid=\"false\" value=\"\" type=\"email\" name=\"email\" \/><\/span>\n<\/p>\n<p>Phone*:<br \/>\n<span class=\"wpcf7-form-control-wrap\" data-name=\"telefone\"><input size=\"40\" maxlength=\"400\" class=\"wpcf7-form-control wpcf7-tel wpcf7-validates-as-required wpcf7-text wpcf7-validates-as-tel\" aria-required=\"true\" aria-invalid=\"false\" value=\"\" type=\"tel\" name=\"telefone\" \/><\/span>\n<\/p>\n<p>Position*:<br \/>\n<span class=\"wpcf7-form-control-wrap\" data-name=\"vaga\"><select class=\"wpcf7-form-control wpcf7-select wpcf7-validates-as-required\" aria-required=\"true\" aria-invalid=\"false\" name=\"vaga\"><option value=\"Assistant\">Assistant<\/option><option value=\"Helper\">Helper<\/option><option value=\"Foreman\">Foreman<\/option><option value=\"Supervisor\">Supervisor<\/option><\/select><\/span>\n<\/p>\n<p>Message*:<br \/>\n<span class=\"wpcf7-form-control-wrap\" data-name=\"mensagem\"><textarea cols=\"40\" rows=\"10\" maxlength=\"2000\" class=\"wpcf7-form-control wpcf7-textarea\" aria-invalid=\"false\" name=\"mensagem\"><\/textarea><\/span>\n<\/p>\n<p>Attach Your Resume<br \/>\n<span class=\"wpcf7-form-control-wrap\" data-name=\"file\"><input size=\"40\" class=\"wpcf7-form-control wpcf7-file wpcf7-validates-as-required\" accept=\".pdf,.doc,.jpg,.png\" aria-required=\"true\" aria-invalid=\"false\" type=\"file\" name=\"file\" \/><\/span><br \/>\n(files up to 10MB - pdf|doc|jpg|png)\n<\/p>\n<p><span class=\"wpcf7-form-control-wrap\" data-name=\"GDPR\"><span class=\"wpcf7-form-control wpcf7-acceptance\"><span class=\"wpcf7-list-item\"><label><input type=\"checkbox\" name=\"GDPR\" value=\"1\" aria-invalid=\"false\" \/><span class=\"wpcf7-list-item-label\">By submitting, I agree to receive communication by email<\/span><\/label><\/span><\/span><\/span>\n<\/p>\n<p><input class=\"wpcf7-form-control wpcf7-submit has-spinner\" type=\"submit\" value=\"Send\" \/>\n<\/p><p style=\"display: none !important;\" class=\"akismet-fields-container\" data-prefix=\"_wpcf7_ak_\"><label>&#916;<textarea name=\"_wpcf7_ak_hp_textarea\" cols=\"45\" rows=\"8\" maxlength=\"100\"><\/textarea><\/label><input type=\"hidden\" id=\"ak_js_1\" name=\"_wpcf7_ak_js\" value=\"82\"\/><script>document.getElementById( \"ak_js_1\" ).setAttribute( \"value\", ( new Date() ).getTime() );<\/script><\/p><div class=\"fusion-alert alert custom alert-custom fusion-alert-center wpcf7-response-output awb-alert-native-link-color alert-dismissable awb-alert-close-boxed\" style=\"--awb-border-size:1px;--awb-border-top-left-radius:0px;--awb-border-top-right-radius:0px;--awb-border-bottom-left-radius:0px;\" role=\"alert\"><div class=\"fusion-alert-content-wrapper\"><span class=\"fusion-alert-content\"><\/span><\/div><button type=\"button\" class=\"close toggle-alert\" data-dismiss=\"alert\" aria-label=\"Close\">&times;<\/button><\/div>\n<\/form>\n<\/div>\n<\/div><\/div><\/div><\/div><\/p>\n","protected":false},"excerpt":{"rendered":"","protected":false},"author":1,"featured_media":277,"parent":151,"menu_order":0,"comment_status":"closed","ping_status":"closed","template":"100-width.php","meta":{"footnotes":""},"class_list":["post-275","page","type-page","status-publish","has-post-thumbnail","hentry"],"yoast_head":"<!-- This site is optimized with the Yoast SEO plugin v27.2 - https:\/\/yoast.com\/product\/yoast-seo-wordpress\/ -->\n<title>Join Us - Grupo LUME<\/title>\n<meta name=\"description\" content=\"Se voc\u00ea quer transformar sua carreira e protagonizar grandes realiza\u00e7\u00f5es, venha trabalhar no Grupo LUME.\" \/>\n<meta name=\"robots\" content=\"index, follow, max-snippet:-1, max-image-preview:large, max-video-preview:-1\" \/>\n<link rel=\"canonical\" href=\"https:\/\/www.lumegrupo.com.br\/en\/grupo-lume\/join-us\/\" \/>\n<meta property=\"og:locale\" content=\"pt_BR\" \/>\n<meta property=\"og:type\" content=\"article\" \/>\n<meta property=\"og:title\" content=\"Grupo LUME - Join Us\" \/>\n<meta property=\"og:description\" content=\"Se voc\u00ea quer transformar sua carreira e protagonizar grandes realiza\u00e7\u00f5es, venha trabalhar no Grupo LUME.\" \/>\n<meta property=\"og:url\" content=\"https:\/\/www.lumegrupo.com.br\/en\/grupo-lume\/join-us\/\" \/>\n<meta property=\"og:site_name\" content=\"Grupo LUME\" \/>\n<meta property=\"article:publisher\" content=\"https:\/\/www.facebook.com\/grupolumetecnologia\" \/>\n<meta property=\"article:modified_time\" content=\"2025-09-21T19:14:41+00:00\" \/>\n<meta property=\"og:image\" content=\"https:\/\/www.lumegrupo.com.br\/en\/wp-content\/uploads\/2023\/02\/lume_site_layout_SEO_trabalhe_conosco_30_01_23.png\" \/>\n\t<meta property=\"og:image:width\" content=\"1200\" \/>\n\t<meta property=\"og:image:height\" content=\"700\" \/>\n\t<meta property=\"og:image:type\" content=\"image\/png\" \/>\n<meta name=\"twitter:card\" content=\"summary_large_image\" \/>\n<meta name=\"twitter:title\" content=\"Grupo LUME - Join Us\" \/>\n<meta name=\"twitter:description\" content=\"Se voc\u00ea quer transformar sua carreira e protagonizar grandes realiza\u00e7\u00f5es, venha trabalhar no Grupo LUME.\" \/>\n<meta name=\"twitter:image\" content=\"https:\/\/www.lumegrupo.com.br\/en\/wp-content\/uploads\/2023\/02\/lume_site_layout_SEO_trabalhe_conosco_30_01_23.png\" \/>\n<meta name=\"twitter:label1\" content=\"Est. tempo de leitura\" \/>\n\t<meta name=\"twitter:data1\" content=\"2 minutos\" \/>\n<script type=\"application\/ld+json\" class=\"yoast-schema-graph\">{\"@context\":\"https:\/\/schema.org\",\"@graph\":[{\"@type\":\"WebPage\",\"@id\":\"https:\/\/www.lumegrupo.com.br\/en\/grupo-lume\/join-us\/\",\"url\":\"https:\/\/www.lumegrupo.com.br\/en\/grupo-lume\/join-us\/\",\"name\":\"Join Us - Grupo LUME\",\"isPartOf\":{\"@id\":\"https:\/\/www.lumegrupo.com.br\/en\/#website\"},\"primaryImageOfPage\":{\"@id\":\"https:\/\/www.lumegrupo.com.br\/en\/grupo-lume\/join-us\/#primaryimage\"},\"image\":{\"@id\":\"https:\/\/www.lumegrupo.com.br\/en\/grupo-lume\/join-us\/#primaryimage\"},\"thumbnailUrl\":\"https:\/\/www.lumegrupo.com.br\/en\/wp-content\/uploads\/2023\/02\/lume_site_layout_SEO_trabalhe_conosco_30_01_23.png\",\"datePublished\":\"2023-02-01T14:00:28+00:00\",\"dateModified\":\"2025-09-21T19:14:41+00:00\",\"description\":\"Se voc\u00ea quer transformar sua carreira e protagonizar grandes realiza\u00e7\u00f5es, venha trabalhar no Grupo LUME.\",\"breadcrumb\":{\"@id\":\"https:\/\/www.lumegrupo.com.br\/en\/grupo-lume\/join-us\/#breadcrumb\"},\"inLanguage\":\"pt-BR\",\"potentialAction\":[{\"@type\":\"ReadAction\",\"target\":[\"https:\/\/www.lumegrupo.com.br\/en\/grupo-lume\/join-us\/\"]}]},{\"@type\":\"ImageObject\",\"inLanguage\":\"pt-BR\",\"@id\":\"https:\/\/www.lumegrupo.com.br\/en\/grupo-lume\/join-us\/#primaryimage\",\"url\":\"https:\/\/www.lumegrupo.com.br\/en\/wp-content\/uploads\/2023\/02\/lume_site_layout_SEO_trabalhe_conosco_30_01_23.png\",\"contentUrl\":\"https:\/\/www.lumegrupo.com.br\/en\/wp-content\/uploads\/2023\/02\/lume_site_layout_SEO_trabalhe_conosco_30_01_23.png\",\"width\":1200,\"height\":700,\"caption\":\"Grupo Lume\"},{\"@type\":\"BreadcrumbList\",\"@id\":\"https:\/\/www.lumegrupo.com.br\/en\/grupo-lume\/join-us\/#breadcrumb\",\"itemListElement\":[{\"@type\":\"ListItem\",\"position\":1,\"name\":\"Home\",\"item\":\"https:\/\/www.lumegrupo.com.br\/en\/\"},{\"@type\":\"ListItem\",\"position\":2,\"name\":\"About Grupo LUME\",\"item\":\"https:\/\/www.lumegrupo.com.br\/en\/grupo-lume\/\"},{\"@type\":\"ListItem\",\"position\":3,\"name\":\"Join Us\"}]},{\"@type\":\"WebSite\",\"@id\":\"https:\/\/www.lumegrupo.com.br\/en\/#website\",\"url\":\"https:\/\/www.lumegrupo.com.br\/en\/\",\"name\":\"Grupo LUME\",\"description\":\"Smart and innovative technology solutions that transform your business!\",\"publisher\":{\"@id\":\"https:\/\/www.lumegrupo.com.br\/en\/#organization\"},\"potentialAction\":[{\"@type\":\"SearchAction\",\"target\":{\"@type\":\"EntryPoint\",\"urlTemplate\":\"https:\/\/www.lumegrupo.com.br\/en\/?s={search_term_string}\"},\"query-input\":{\"@type\":\"PropertyValueSpecification\",\"valueRequired\":true,\"valueName\":\"search_term_string\"}}],\"inLanguage\":\"pt-BR\"},{\"@type\":\"Organization\",\"@id\":\"https:\/\/www.lumegrupo.com.br\/en\/#organization\",\"name\":\"Grupo LUME\",\"url\":\"https:\/\/www.lumegrupo.com.br\/en\/\",\"logo\":{\"@type\":\"ImageObject\",\"inLanguage\":\"pt-BR\",\"@id\":\"https:\/\/www.lumegrupo.com.br\/en\/#\/schema\/logo\/image\/\",\"url\":\"https:\/\/www.lumegrupo.com.br\/wp-content\/uploads\/2024\/05\/Logo-Integral.png\",\"contentUrl\":\"https:\/\/www.lumegrupo.com.br\/wp-content\/uploads\/2024\/05\/Logo-Integral.png\",\"width\":3587,\"height\":1268,\"caption\":\"Grupo LUME\"},\"image\":{\"@id\":\"https:\/\/www.lumegrupo.com.br\/en\/#\/schema\/logo\/image\/\"},\"sameAs\":[\"https:\/\/www.facebook.com\/grupolumetecnologia\",\"https:\/\/www.linkedin.com\/company\/grupolumedetecnologia\/\",\"https:\/\/www.instagram.com\/grupolumedetecnologia\/\"]}]}<\/script>\n<!-- \/ Yoast SEO plugin. -->","yoast_head_json":{"title":"Join Us - Grupo LUME","description":"Se voc\u00ea quer transformar sua carreira e protagonizar grandes realiza\u00e7\u00f5es, venha trabalhar no Grupo LUME.","robots":{"index":"index","follow":"follow","max-snippet":"max-snippet:-1","max-image-preview":"max-image-preview:large","max-video-preview":"max-video-preview:-1"},"canonical":"https:\/\/www.lumegrupo.com.br\/en\/grupo-lume\/join-us\/","og_locale":"pt_BR","og_type":"article","og_title":"Grupo LUME - Join Us","og_description":"Se voc\u00ea quer transformar sua carreira e protagonizar grandes realiza\u00e7\u00f5es, venha trabalhar no Grupo LUME.","og_url":"https:\/\/www.lumegrupo.com.br\/en\/grupo-lume\/join-us\/","og_site_name":"Grupo LUME","article_publisher":"https:\/\/www.facebook.com\/grupolumetecnologia","article_modified_time":"2025-09-21T19:14:41+00:00","og_image":[{"width":1200,"height":700,"url":"https:\/\/www.lumegrupo.com.br\/en\/wp-content\/uploads\/2023\/02\/lume_site_layout_SEO_trabalhe_conosco_30_01_23.png","type":"image\/png"}],"twitter_card":"summary_large_image","twitter_title":"Grupo LUME - Join Us","twitter_description":"Se voc\u00ea quer transformar sua carreira e protagonizar grandes realiza\u00e7\u00f5es, venha trabalhar no Grupo LUME.","twitter_image":"https:\/\/www.lumegrupo.com.br\/en\/wp-content\/uploads\/2023\/02\/lume_site_layout_SEO_trabalhe_conosco_30_01_23.png","twitter_misc":{"Est. tempo de leitura":"2 minutos"},"schema":{"@context":"https:\/\/schema.org","@graph":[{"@type":"WebPage","@id":"https:\/\/www.lumegrupo.com.br\/en\/grupo-lume\/join-us\/","url":"https:\/\/www.lumegrupo.com.br\/en\/grupo-lume\/join-us\/","name":"Join Us - Grupo LUME","isPartOf":{"@id":"https:\/\/www.lumegrupo.com.br\/en\/#website"},"primaryImageOfPage":{"@id":"https:\/\/www.lumegrupo.com.br\/en\/grupo-lume\/join-us\/#primaryimage"},"image":{"@id":"https:\/\/www.lumegrupo.com.br\/en\/grupo-lume\/join-us\/#primaryimage"},"thumbnailUrl":"https:\/\/www.lumegrupo.com.br\/en\/wp-content\/uploads\/2023\/02\/lume_site_layout_SEO_trabalhe_conosco_30_01_23.png","datePublished":"2023-02-01T14:00:28+00:00","dateModified":"2025-09-21T19:14:41+00:00","description":"Se voc\u00ea quer transformar sua carreira e protagonizar grandes realiza\u00e7\u00f5es, venha trabalhar no Grupo LUME.","breadcrumb":{"@id":"https:\/\/www.lumegrupo.com.br\/en\/grupo-lume\/join-us\/#breadcrumb"},"inLanguage":"pt-BR","potentialAction":[{"@type":"ReadAction","target":["https:\/\/www.lumegrupo.com.br\/en\/grupo-lume\/join-us\/"]}]},{"@type":"ImageObject","inLanguage":"pt-BR","@id":"https:\/\/www.lumegrupo.com.br\/en\/grupo-lume\/join-us\/#primaryimage","url":"https:\/\/www.lumegrupo.com.br\/en\/wp-content\/uploads\/2023\/02\/lume_site_layout_SEO_trabalhe_conosco_30_01_23.png","contentUrl":"https:\/\/www.lumegrupo.com.br\/en\/wp-content\/uploads\/2023\/02\/lume_site_layout_SEO_trabalhe_conosco_30_01_23.png","width":1200,"height":700,"caption":"Grupo Lume"},{"@type":"BreadcrumbList","@id":"https:\/\/www.lumegrupo.com.br\/en\/grupo-lume\/join-us\/#breadcrumb","itemListElement":[{"@type":"ListItem","position":1,"name":"Home","item":"https:\/\/www.lumegrupo.com.br\/en\/"},{"@type":"ListItem","position":2,"name":"About Grupo LUME","item":"https:\/\/www.lumegrupo.com.br\/en\/grupo-lume\/"},{"@type":"ListItem","position":3,"name":"Join Us"}]},{"@type":"WebSite","@id":"https:\/\/www.lumegrupo.com.br\/en\/#website","url":"https:\/\/www.lumegrupo.com.br\/en\/","name":"Grupo LUME","description":"Smart and innovative technology solutions that transform your business!","publisher":{"@id":"https:\/\/www.lumegrupo.com.br\/en\/#organization"},"potentialAction":[{"@type":"SearchAction","target":{"@type":"EntryPoint","urlTemplate":"https:\/\/www.lumegrupo.com.br\/en\/?s={search_term_string}"},"query-input":{"@type":"PropertyValueSpecification","valueRequired":true,"valueName":"search_term_string"}}],"inLanguage":"pt-BR"},{"@type":"Organization","@id":"https:\/\/www.lumegrupo.com.br\/en\/#organization","name":"Grupo LUME","url":"https:\/\/www.lumegrupo.com.br\/en\/","logo":{"@type":"ImageObject","inLanguage":"pt-BR","@id":"https:\/\/www.lumegrupo.com.br\/en\/#\/schema\/logo\/image\/","url":"https:\/\/www.lumegrupo.com.br\/wp-content\/uploads\/2024\/05\/Logo-Integral.png","contentUrl":"https:\/\/www.lumegrupo.com.br\/wp-content\/uploads\/2024\/05\/Logo-Integral.png","width":3587,"height":1268,"caption":"Grupo LUME"},"image":{"@id":"https:\/\/www.lumegrupo.com.br\/en\/#\/schema\/logo\/image\/"},"sameAs":["https:\/\/www.facebook.com\/grupolumetecnologia","https:\/\/www.linkedin.com\/company\/grupolumedetecnologia\/","https:\/\/www.instagram.com\/grupolumedetecnologia\/"]}]}},"_links":{"self":[{"href":"https:\/\/www.lumegrupo.com.br\/en\/wp-json\/wp\/v2\/pages\/275","targetHints":{"allow":["GET"]}}],"collection":[{"href":"https:\/\/www.lumegrupo.com.br\/en\/wp-json\/wp\/v2\/pages"}],"about":[{"href":"https:\/\/www.lumegrupo.com.br\/en\/wp-json\/wp\/v2\/types\/page"}],"author":[{"embeddable":true,"href":"https:\/\/www.lumegrupo.com.br\/en\/wp-json\/wp\/v2\/users\/1"}],"replies":[{"embeddable":true,"href":"https:\/\/www.lumegrupo.com.br\/en\/wp-json\/wp\/v2\/comments?post=275"}],"version-history":[{"count":26,"href":"https:\/\/www.lumegrupo.com.br\/en\/wp-json\/wp\/v2\/pages\/275\/revisions"}],"predecessor-version":[{"id":1823,"href":"https:\/\/www.lumegrupo.com.br\/en\/wp-json\/wp\/v2\/pages\/275\/revisions\/1823"}],"up":[{"embeddable":true,"href":"https:\/\/www.lumegrupo.com.br\/en\/wp-json\/wp\/v2\/pages\/151"}],"wp:featuredmedia":[{"embeddable":true,"href":"https:\/\/www.lumegrupo.com.br\/en\/wp-json\/wp\/v2\/media\/277"}],"wp:attachment":[{"href":"https:\/\/www.lumegrupo.com.br\/en\/wp-json\/wp\/v2\/media?parent=275"}],"curies":[{"name":"wp","href":"https:\/\/api.w.org\/{rel}","templated":true}]}}