{"id":1632,"date":"2025-06-23T16:25:16","date_gmt":"2025-06-23T19:25:16","guid":{"rendered":"https:\/\/www.lumegrupo.com.br\/?page_id=1632"},"modified":"2025-09-21T15:51:30","modified_gmt":"2025-09-21T18:51:30","slug":"whistleblowing-channel","status":"publish","type":"page","link":"https:\/\/www.lumegrupo.com.br\/en\/whistleblowing-channel\/","title":{"rendered":"Whistleblowing Channel"},"content":{"rendered":"<p><div class=\"fusion-fullwidth fullwidth-box fusion-builder-row-1 fusion-flex-container has-pattern-background has-mask-background fusion-parallax-none nonhundred-percent-fullwidth non-hundred-percent-height-scrolling\" style=\"--awb-border-radius-top-left:0px;--awb-border-radius-top-right:0px;--awb-border-radius-bottom-right:0px;--awb-border-radius-bottom-left:0px;--awb-padding-top:3%;--awb-padding-right:20px;--awb-padding-bottom:3%;--awb-padding-left:20px;--awb-min-height:520px;--awb-background-image:url(&quot;http:\/\/www.lumegrupo.com.br\/wp-content\/uploads\/2023\/02\/lume_site_layout_OUVIDORIA_banner_bg_01_02_23.png&quot;);--awb-background-size:cover;--awb-flex-wrap:wrap;\" ><div class=\"fusion-builder-row fusion-row fusion-flex-align-items-flex-end fusion-flex-content-wrap\" style=\"max-width:1248px;margin-left: calc(-4% \/ 2 );margin-right: calc(-4% \/ 2 );\"><div class=\"fusion-layout-column fusion_builder_column fusion-builder-column-0 fusion_builder_column_1_2 1_2 fusion-flex-column\" style=\"--awb-bg-size:cover;--awb-width-large:50%;--awb-margin-top-large:0px;--awb-spacing-right-large:3.84%;--awb-margin-bottom-large:20px;--awb-spacing-left-large:3.84%;--awb-width-medium:50%;--awb-order-medium:0;--awb-spacing-right-medium:3.84%;--awb-spacing-left-medium:3.84%;--awb-width-small:100%;--awb-order-small:0;--awb-spacing-right-small:1.92%;--awb-spacing-left-small:1.92%;\"><div class=\"fusion-column-wrapper fusion-column-has-shadow fusion-flex-justify-content-flex-start fusion-content-layout-column\"><div class=\"fusion-text fusion-text-1\"><h2><span style=\"color: #ffffff;\">Whistleblowing Channel<\/strong><\/span><\/h2>\n<\/div><\/div><\/div><\/div><\/div><div class=\"fusion-fullwidth fullwidth-box fusion-builder-row-2 fusion-flex-container has-pattern-background has-mask-background fusion-parallax-none nonhundred-percent-fullwidth non-hundred-percent-height-scrolling\" style=\"--awb-border-radius-top-left:0px;--awb-border-radius-top-right:0px;--awb-border-radius-bottom-right:0px;--awb-border-radius-bottom-left:0px;--awb-padding-top:3%;--awb-padding-right:20px;--awb-padding-bottom:3%;--awb-padding-left:20px;--awb-background-image:url(&quot;http:\/\/www.lumegrupo.com.br\/wp-content\/uploads\/2023\/02\/lume_site_layout_OUVIDORIA_form_bg_01_02_23.png&quot;);--awb-background-size:cover;--awb-flex-wrap:wrap;\" id=\"ouvidoria\" ><div class=\"fusion-builder-row fusion-row fusion-flex-align-items-stretch fusion-flex-content-wrap\" style=\"max-width:1248px;margin-left: calc(-4% \/ 2 );margin-right: calc(-4% \/ 2 );\"><div class=\"fusion-layout-column fusion_builder_column fusion-builder-column-1 fusion_builder_column_1_2 1_2 fusion-flex-column\" style=\"--awb-bg-size:cover;--awb-width-large:50%;--awb-margin-top-large:0px;--awb-spacing-right-large:3.84%;--awb-margin-bottom-large:20px;--awb-spacing-left-large:3.84%;--awb-width-medium:50%;--awb-order-medium:0;--awb-spacing-right-medium:3.84%;--awb-spacing-left-medium:3.84%;--awb-width-small:100%;--awb-order-small:0;--awb-spacing-right-small:1.92%;--awb-spacing-left-small:1.92%;\"><div class=\"fusion-column-wrapper fusion-column-has-shadow fusion-flex-justify-content-flex-start fusion-content-layout-column\"><div class=\"fusion-text fusion-text-2\"><p><span style=\"color: #ffffff;\"><strong>Grupo LUME<\/strong> provides this reporting channel so you can submit interactions anonymously, with maximum convenience and confidentiality.<\/span><\/p>\n<p><span style=\"color: #ffffff;\">Through the form below, you can report incidents, provide feedback, or suggest areas for attention and improvement.<\/span><\/p>\n<p><span style=\"color: #ffffff;\">We emphasize that you will not face any form of retaliation for submitting a report, and that it will be done completely anonymously via the form below.<\/span><\/p>\n<\/div><\/div><\/div><div class=\"fusion-layout-column fusion_builder_column fusion-builder-column-2 fusion_builder_column_1_2 1_2 fusion-flex-column\" style=\"--awb-bg-size:cover;--awb-width-large:50%;--awb-margin-top-large:0px;--awb-spacing-right-large:3.84%;--awb-margin-bottom-large:20px;--awb-spacing-left-large:3.84%;--awb-width-medium:50%;--awb-order-medium:0;--awb-spacing-right-medium:3.84%;--awb-spacing-left-medium:3.84%;--awb-width-small:100%;--awb-order-small:0;--awb-spacing-right-small:1.92%;--awb-spacing-left-small:1.92%;\" id=\"form\"><div class=\"fusion-column-wrapper fusion-column-has-shadow fusion-flex-justify-content-flex-start fusion-content-layout-column\">\n<div class=\"wpcf7 no-js\" id=\"wpcf7-f297-o1\" lang=\"pt-BR\" dir=\"ltr\" data-wpcf7-id=\"297\">\n<div class=\"screen-reader-response\"><p role=\"status\" aria-live=\"polite\" aria-atomic=\"true\"><\/p> <ul><\/ul><\/div>\n<form action=\"\/en\/wp-json\/wp\/v2\/pages\/1632#wpcf7-f297-o1\" method=\"post\" class=\"wpcf7-form init\" aria-label=\"Formul\u00e1rios de contato\" novalidate=\"novalidate\" data-status=\"init\">\n<fieldset class=\"hidden-fields-container\"><input type=\"hidden\" name=\"_wpcf7\" value=\"297\" \/><input type=\"hidden\" name=\"_wpcf7_version\" value=\"6.1.1\" \/><input type=\"hidden\" name=\"_wpcf7_locale\" value=\"pt_BR\" \/><input type=\"hidden\" name=\"_wpcf7_unit_tag\" value=\"wpcf7-f297-o1\" \/><input type=\"hidden\" name=\"_wpcf7_container_post\" value=\"0\" \/><input type=\"hidden\" name=\"_wpcf7_posted_data_hash\" value=\"\" \/><input type=\"hidden\" name=\"_wpcf7_recaptcha_response\" value=\"\" \/>\n<\/fieldset>\n<p>Subject*:<br \/>\n<span class=\"wpcf7-form-control-wrap\" data-name=\"subject\"><input size=\"40\" maxlength=\"400\" class=\"wpcf7-form-control wpcf7-text wpcf7-validates-as-required\" aria-required=\"true\" aria-invalid=\"false\" value=\"\" type=\"text\" name=\"subject\" \/><\/span>\n<\/p>\n<p>Message*:<br \/>\n<span class=\"wpcf7-form-control-wrap\" data-name=\"message\"><textarea cols=\"40\" rows=\"10\" maxlength=\"2000\" class=\"wpcf7-form-control wpcf7-textarea\" aria-invalid=\"false\" name=\"message\"><\/textarea><\/span>\n<\/p>\n<p><input class=\"wpcf7-form-control wpcf7-submit has-spinner\" type=\"submit\" value=\"Send\" \/>\n<\/p><p style=\"display: none !important;\" class=\"akismet-fields-container\" data-prefix=\"_wpcf7_ak_\"><label>&#916;<textarea name=\"_wpcf7_ak_hp_textarea\" cols=\"45\" rows=\"8\" maxlength=\"100\"><\/textarea><\/label><input type=\"hidden\" id=\"ak_js_1\" name=\"_wpcf7_ak_js\" value=\"66\"\/><script>document.getElementById( \"ak_js_1\" ).setAttribute( \"value\", ( new Date() ).getTime() );<\/script><\/p><div class=\"fusion-alert alert custom alert-custom fusion-alert-center wpcf7-response-output awb-alert-native-link-color alert-dismissable awb-alert-close-boxed\" style=\"--awb-border-size:1px;--awb-border-top-left-radius:0px;--awb-border-top-right-radius:0px;--awb-border-bottom-left-radius:0px;\" role=\"alert\"><div class=\"fusion-alert-content-wrapper\"><span class=\"fusion-alert-content\"><\/span><\/div><button type=\"button\" class=\"close toggle-alert\" data-dismiss=\"alert\" aria-label=\"Close\">&times;<\/button><\/div>\n<\/form>\n<\/div>\n<\/div><\/div><\/div><\/div><\/p>\n","protected":false},"excerpt":{"rendered":"","protected":false},"author":3,"featured_media":299,"parent":0,"menu_order":0,"comment_status":"closed","ping_status":"closed","template":"100-width.php","meta":{"footnotes":""},"class_list":["post-1632","page","type-page","status-publish","has-post-thumbnail","hentry"],"yoast_head":"<!-- This site is optimized with the Yoast SEO plugin v27.2 - https:\/\/yoast.com\/product\/yoast-seo-wordpress\/ -->\n<title>Grupo LUME - Whistleblowing Channel<\/title>\n<meta name=\"description\" content=\"O Grupo LUME disponibiliza este canal de acesso \u00e0 Ouvidoria para que possa realizar intera\u00e7\u00f5es de forma an\u00f4nima e com a m\u00e1xima praticidade e sigilo.\" \/>\n<meta name=\"robots\" content=\"index, follow, max-snippet:-1, max-image-preview:large, max-video-preview:-1\" \/>\n<link rel=\"canonical\" href=\"https:\/\/www.lumegrupo.com.br\/en\/whistleblowing-channel\/\" \/>\n<meta property=\"og:locale\" content=\"pt_BR\" \/>\n<meta property=\"og:type\" content=\"article\" \/>\n<meta property=\"og:title\" content=\"Grupo LUME - Whistleblowing Channel\" \/>\n<meta property=\"og:description\" content=\"O Grupo LUME disponibiliza este canal de acesso \u00e0 Ouvidoria para que possa realizar intera\u00e7\u00f5es de forma an\u00f4nima e com a m\u00e1xima praticidade e sigilo.\" \/>\n<meta property=\"og:url\" content=\"https:\/\/www.lumegrupo.com.br\/en\/whistleblowing-channel\/\" \/>\n<meta property=\"og:site_name\" content=\"Grupo LUME\" \/>\n<meta property=\"article:publisher\" content=\"https:\/\/www.facebook.com\/grupolumetecnologia\" \/>\n<meta property=\"article:modified_time\" content=\"2025-09-21T18:51:30+00:00\" \/>\n<meta property=\"og:image\" content=\"https:\/\/www.lumegrupo.com.br\/en\/wp-content\/uploads\/2023\/02\/lume_site_layout_SEO_ouvidoria_etica_30_01_23.png\" \/>\n\t<meta property=\"og:image:width\" content=\"1200\" \/>\n\t<meta property=\"og:image:height\" content=\"700\" \/>\n\t<meta property=\"og:image:type\" content=\"image\/png\" \/>\n<meta name=\"twitter:card\" content=\"summary_large_image\" \/>\n<meta name=\"twitter:title\" content=\"Grupo LUME - Whistleblowing Channel\" \/>\n<meta name=\"twitter:description\" content=\"O Grupo LUME disponibiliza este canal de acesso \u00e0 Ouvidoria para que possa realizar intera\u00e7\u00f5es de forma an\u00f4nima e com a m\u00e1xima praticidade e sigilo.\" \/>\n<meta name=\"twitter:image\" content=\"https:\/\/www.lumegrupo.com.br\/en\/wp-content\/uploads\/2023\/02\/lume_site_layout_SEO_ouvidoria_etica_30_01_23.png\" \/>\n<meta name=\"twitter:label1\" content=\"Est. tempo de leitura\" \/>\n\t<meta name=\"twitter:data1\" content=\"1 minuto\" \/>\n<script type=\"application\/ld+json\" class=\"yoast-schema-graph\">{\"@context\":\"https:\/\/schema.org\",\"@graph\":[{\"@type\":\"WebPage\",\"@id\":\"https:\/\/www.lumegrupo.com.br\/en\/whistleblowing-channel\/\",\"url\":\"https:\/\/www.lumegrupo.com.br\/en\/whistleblowing-channel\/\",\"name\":\"Grupo LUME - Whistleblowing Channel\",\"isPartOf\":{\"@id\":\"https:\/\/www.lumegrupo.com.br\/en\/#website\"},\"primaryImageOfPage\":{\"@id\":\"https:\/\/www.lumegrupo.com.br\/en\/whistleblowing-channel\/#primaryimage\"},\"image\":{\"@id\":\"https:\/\/www.lumegrupo.com.br\/en\/whistleblowing-channel\/#primaryimage\"},\"thumbnailUrl\":\"https:\/\/www.lumegrupo.com.br\/en\/wp-content\/uploads\/2023\/02\/lume_site_layout_SEO_ouvidoria_etica_30_01_23.png\",\"datePublished\":\"2025-06-23T19:25:16+00:00\",\"dateModified\":\"2025-09-21T18:51:30+00:00\",\"description\":\"O Grupo LUME disponibiliza este canal de acesso \u00e0 Ouvidoria para que possa realizar intera\u00e7\u00f5es de forma an\u00f4nima e com a m\u00e1xima praticidade e sigilo.\",\"breadcrumb\":{\"@id\":\"https:\/\/www.lumegrupo.com.br\/en\/whistleblowing-channel\/#breadcrumb\"},\"inLanguage\":\"pt-BR\",\"potentialAction\":[{\"@type\":\"ReadAction\",\"target\":[\"https:\/\/www.lumegrupo.com.br\/en\/whistleblowing-channel\/\"]}]},{\"@type\":\"ImageObject\",\"inLanguage\":\"pt-BR\",\"@id\":\"https:\/\/www.lumegrupo.com.br\/en\/whistleblowing-channel\/#primaryimage\",\"url\":\"https:\/\/www.lumegrupo.com.br\/en\/wp-content\/uploads\/2023\/02\/lume_site_layout_SEO_ouvidoria_etica_30_01_23.png\",\"contentUrl\":\"https:\/\/www.lumegrupo.com.br\/en\/wp-content\/uploads\/2023\/02\/lume_site_layout_SEO_ouvidoria_etica_30_01_23.png\",\"width\":1200,\"height\":700,\"caption\":\"Grupo Lume\"},{\"@type\":\"BreadcrumbList\",\"@id\":\"https:\/\/www.lumegrupo.com.br\/en\/whistleblowing-channel\/#breadcrumb\",\"itemListElement\":[{\"@type\":\"ListItem\",\"position\":1,\"name\":\"Home\",\"item\":\"https:\/\/www.lumegrupo.com.br\/en\/\"},{\"@type\":\"ListItem\",\"position\":2,\"name\":\"Whistleblowing Channel\"}]},{\"@type\":\"WebSite\",\"@id\":\"https:\/\/www.lumegrupo.com.br\/en\/#website\",\"url\":\"https:\/\/www.lumegrupo.com.br\/en\/\",\"name\":\"Grupo LUME\",\"description\":\"Smart and innovative technology solutions that transform your business!\",\"publisher\":{\"@id\":\"https:\/\/www.lumegrupo.com.br\/en\/#organization\"},\"potentialAction\":[{\"@type\":\"SearchAction\",\"target\":{\"@type\":\"EntryPoint\",\"urlTemplate\":\"https:\/\/www.lumegrupo.com.br\/en\/?s={search_term_string}\"},\"query-input\":{\"@type\":\"PropertyValueSpecification\",\"valueRequired\":true,\"valueName\":\"search_term_string\"}}],\"inLanguage\":\"pt-BR\"},{\"@type\":\"Organization\",\"@id\":\"https:\/\/www.lumegrupo.com.br\/en\/#organization\",\"name\":\"Grupo LUME\",\"url\":\"https:\/\/www.lumegrupo.com.br\/en\/\",\"logo\":{\"@type\":\"ImageObject\",\"inLanguage\":\"pt-BR\",\"@id\":\"https:\/\/www.lumegrupo.com.br\/en\/#\/schema\/logo\/image\/\",\"url\":\"https:\/\/www.lumegrupo.com.br\/wp-content\/uploads\/2024\/05\/Logo-Integral.png\",\"contentUrl\":\"https:\/\/www.lumegrupo.com.br\/wp-content\/uploads\/2024\/05\/Logo-Integral.png\",\"width\":3587,\"height\":1268,\"caption\":\"Grupo LUME\"},\"image\":{\"@id\":\"https:\/\/www.lumegrupo.com.br\/en\/#\/schema\/logo\/image\/\"},\"sameAs\":[\"https:\/\/www.facebook.com\/grupolumetecnologia\",\"https:\/\/www.linkedin.com\/company\/grupolumedetecnologia\/\",\"https:\/\/www.instagram.com\/grupolumedetecnologia\/\"]}]}<\/script>\n<!-- \/ Yoast SEO plugin. -->","yoast_head_json":{"title":"Grupo LUME - Whistleblowing Channel","description":"O Grupo LUME disponibiliza este canal de acesso \u00e0 Ouvidoria para que possa realizar intera\u00e7\u00f5es de forma an\u00f4nima e com a m\u00e1xima praticidade e sigilo.","robots":{"index":"index","follow":"follow","max-snippet":"max-snippet:-1","max-image-preview":"max-image-preview:large","max-video-preview":"max-video-preview:-1"},"canonical":"https:\/\/www.lumegrupo.com.br\/en\/whistleblowing-channel\/","og_locale":"pt_BR","og_type":"article","og_title":"Grupo LUME - Whistleblowing Channel","og_description":"O Grupo LUME disponibiliza este canal de acesso \u00e0 Ouvidoria para que possa realizar intera\u00e7\u00f5es de forma an\u00f4nima e com a m\u00e1xima praticidade e sigilo.","og_url":"https:\/\/www.lumegrupo.com.br\/en\/whistleblowing-channel\/","og_site_name":"Grupo LUME","article_publisher":"https:\/\/www.facebook.com\/grupolumetecnologia","article_modified_time":"2025-09-21T18:51:30+00:00","og_image":[{"width":1200,"height":700,"url":"https:\/\/www.lumegrupo.com.br\/en\/wp-content\/uploads\/2023\/02\/lume_site_layout_SEO_ouvidoria_etica_30_01_23.png","type":"image\/png"}],"twitter_card":"summary_large_image","twitter_title":"Grupo LUME - Whistleblowing Channel","twitter_description":"O Grupo LUME disponibiliza este canal de acesso \u00e0 Ouvidoria para que possa realizar intera\u00e7\u00f5es de forma an\u00f4nima e com a m\u00e1xima praticidade e sigilo.","twitter_image":"https:\/\/www.lumegrupo.com.br\/en\/wp-content\/uploads\/2023\/02\/lume_site_layout_SEO_ouvidoria_etica_30_01_23.png","twitter_misc":{"Est. tempo de leitura":"1 minuto"},"schema":{"@context":"https:\/\/schema.org","@graph":[{"@type":"WebPage","@id":"https:\/\/www.lumegrupo.com.br\/en\/whistleblowing-channel\/","url":"https:\/\/www.lumegrupo.com.br\/en\/whistleblowing-channel\/","name":"Grupo LUME - Whistleblowing Channel","isPartOf":{"@id":"https:\/\/www.lumegrupo.com.br\/en\/#website"},"primaryImageOfPage":{"@id":"https:\/\/www.lumegrupo.com.br\/en\/whistleblowing-channel\/#primaryimage"},"image":{"@id":"https:\/\/www.lumegrupo.com.br\/en\/whistleblowing-channel\/#primaryimage"},"thumbnailUrl":"https:\/\/www.lumegrupo.com.br\/en\/wp-content\/uploads\/2023\/02\/lume_site_layout_SEO_ouvidoria_etica_30_01_23.png","datePublished":"2025-06-23T19:25:16+00:00","dateModified":"2025-09-21T18:51:30+00:00","description":"O Grupo LUME disponibiliza este canal de acesso \u00e0 Ouvidoria para que possa realizar intera\u00e7\u00f5es de forma an\u00f4nima e com a m\u00e1xima praticidade e sigilo.","breadcrumb":{"@id":"https:\/\/www.lumegrupo.com.br\/en\/whistleblowing-channel\/#breadcrumb"},"inLanguage":"pt-BR","potentialAction":[{"@type":"ReadAction","target":["https:\/\/www.lumegrupo.com.br\/en\/whistleblowing-channel\/"]}]},{"@type":"ImageObject","inLanguage":"pt-BR","@id":"https:\/\/www.lumegrupo.com.br\/en\/whistleblowing-channel\/#primaryimage","url":"https:\/\/www.lumegrupo.com.br\/en\/wp-content\/uploads\/2023\/02\/lume_site_layout_SEO_ouvidoria_etica_30_01_23.png","contentUrl":"https:\/\/www.lumegrupo.com.br\/en\/wp-content\/uploads\/2023\/02\/lume_site_layout_SEO_ouvidoria_etica_30_01_23.png","width":1200,"height":700,"caption":"Grupo Lume"},{"@type":"BreadcrumbList","@id":"https:\/\/www.lumegrupo.com.br\/en\/whistleblowing-channel\/#breadcrumb","itemListElement":[{"@type":"ListItem","position":1,"name":"Home","item":"https:\/\/www.lumegrupo.com.br\/en\/"},{"@type":"ListItem","position":2,"name":"Whistleblowing Channel"}]},{"@type":"WebSite","@id":"https:\/\/www.lumegrupo.com.br\/en\/#website","url":"https:\/\/www.lumegrupo.com.br\/en\/","name":"Grupo LUME","description":"Smart and innovative technology solutions that transform your business!","publisher":{"@id":"https:\/\/www.lumegrupo.com.br\/en\/#organization"},"potentialAction":[{"@type":"SearchAction","target":{"@type":"EntryPoint","urlTemplate":"https:\/\/www.lumegrupo.com.br\/en\/?s={search_term_string}"},"query-input":{"@type":"PropertyValueSpecification","valueRequired":true,"valueName":"search_term_string"}}],"inLanguage":"pt-BR"},{"@type":"Organization","@id":"https:\/\/www.lumegrupo.com.br\/en\/#organization","name":"Grupo LUME","url":"https:\/\/www.lumegrupo.com.br\/en\/","logo":{"@type":"ImageObject","inLanguage":"pt-BR","@id":"https:\/\/www.lumegrupo.com.br\/en\/#\/schema\/logo\/image\/","url":"https:\/\/www.lumegrupo.com.br\/wp-content\/uploads\/2024\/05\/Logo-Integral.png","contentUrl":"https:\/\/www.lumegrupo.com.br\/wp-content\/uploads\/2024\/05\/Logo-Integral.png","width":3587,"height":1268,"caption":"Grupo LUME"},"image":{"@id":"https:\/\/www.lumegrupo.com.br\/en\/#\/schema\/logo\/image\/"},"sameAs":["https:\/\/www.facebook.com\/grupolumetecnologia","https:\/\/www.linkedin.com\/company\/grupolumedetecnologia\/","https:\/\/www.instagram.com\/grupolumedetecnologia\/"]}]}},"_links":{"self":[{"href":"https:\/\/www.lumegrupo.com.br\/en\/wp-json\/wp\/v2\/pages\/1632","targetHints":{"allow":["GET"]}}],"collection":[{"href":"https:\/\/www.lumegrupo.com.br\/en\/wp-json\/wp\/v2\/pages"}],"about":[{"href":"https:\/\/www.lumegrupo.com.br\/en\/wp-json\/wp\/v2\/types\/page"}],"author":[{"embeddable":true,"href":"https:\/\/www.lumegrupo.com.br\/en\/wp-json\/wp\/v2\/users\/3"}],"replies":[{"embeddable":true,"href":"https:\/\/www.lumegrupo.com.br\/en\/wp-json\/wp\/v2\/comments?post=1632"}],"version-history":[{"count":6,"href":"https:\/\/www.lumegrupo.com.br\/en\/wp-json\/wp\/v2\/pages\/1632\/revisions"}],"predecessor-version":[{"id":1812,"href":"https:\/\/www.lumegrupo.com.br\/en\/wp-json\/wp\/v2\/pages\/1632\/revisions\/1812"}],"wp:featuredmedia":[{"embeddable":true,"href":"https:\/\/www.lumegrupo.com.br\/en\/wp-json\/wp\/v2\/media\/299"}],"wp:attachment":[{"href":"https:\/\/www.lumegrupo.com.br\/en\/wp-json\/wp\/v2\/media?parent=1632"}],"curies":[{"name":"wp","href":"https:\/\/api.w.org\/{rel}","templated":true}]}}