{"id":1284,"date":"2024-06-06T11:27:21","date_gmt":"2024-06-06T14:27:21","guid":{"rendered":"https:\/\/www.lumegrupo.com.br\/?page_id=1284"},"modified":"2025-09-19T22:58:49","modified_gmt":"2025-09-20T01:58:49","slug":"contact-the-dpo","status":"publish","type":"page","link":"https:\/\/www.lumegrupo.com.br\/en\/grupo-lume\/contact-the-dpo\/","title":{"rendered":"Contact the DPO"},"content":{"rendered":"<p><div class=\"fusion-fullwidth fullwidth-box fusion-builder-row-1 fusion-flex-container has-pattern-background has-mask-background fusion-parallax-none nonhundred-percent-fullwidth non-hundred-percent-height-scrolling\" style=\"--awb-border-radius-top-left:0px;--awb-border-radius-top-right:0px;--awb-border-radius-bottom-right:0px;--awb-border-radius-bottom-left:0px;--awb-padding-top:3%;--awb-padding-right:20px;--awb-padding-bottom:3%;--awb-padding-left:20px;--awb-min-height:520px;--awb-background-image:url(&quot;http:\/\/www.lumegrupo.com.br\/wp-content\/uploads\/2023\/02\/lume_site_layout_POLITICA_banner_bg_01_02_23.png&quot;);--awb-background-size:cover;--awb-flex-wrap:wrap;\" ><div class=\"fusion-builder-row fusion-row fusion-flex-align-items-flex-end fusion-flex-content-wrap\" style=\"max-width:1248px;margin-left: calc(-4% \/ 2 );margin-right: calc(-4% \/ 2 );\"><div class=\"fusion-layout-column fusion_builder_column fusion-builder-column-0 fusion_builder_column_1_2 1_2 fusion-flex-column\" style=\"--awb-bg-size:cover;--awb-width-large:50%;--awb-margin-top-large:0px;--awb-spacing-right-large:3.84%;--awb-margin-bottom-large:20px;--awb-spacing-left-large:3.84%;--awb-width-medium:50%;--awb-order-medium:0;--awb-spacing-right-medium:3.84%;--awb-spacing-left-medium:3.84%;--awb-width-small:100%;--awb-order-small:0;--awb-spacing-right-small:1.92%;--awb-spacing-left-small:1.92%;\"><div class=\"fusion-column-wrapper fusion-column-has-shadow fusion-flex-justify-content-flex-start fusion-content-layout-column\"><div class=\"fusion-text fusion-text-1\"><h2><span style=\"color: #ffffff;\">Contact the DPO<\/span><\/h2>\n<h3><span style=\"color: #ffffff;\">Committed to Information Security<\/span><\/h3>\n<\/div><\/div><\/div><\/div><\/div><div class=\"fusion-fullwidth fullwidth-box fusion-builder-row-2 fusion-flex-container has-pattern-background has-mask-background nonhundred-percent-fullwidth non-hundred-percent-height-scrolling\" style=\"--awb-border-radius-top-left:0px;--awb-border-radius-top-right:0px;--awb-border-radius-bottom-right:0px;--awb-border-radius-bottom-left:0px;--awb-padding-top:3%;--awb-padding-right:20px;--awb-padding-bottom:3%;--awb-padding-left:20px;--awb-flex-wrap:wrap;\" ><div class=\"fusion-builder-row fusion-row fusion-flex-align-items-flex-start fusion-flex-content-wrap\" style=\"max-width:1248px;margin-left: calc(-4% \/ 2 );margin-right: calc(-4% \/ 2 );\"><div class=\"fusion-layout-column fusion_builder_column fusion-builder-column-1 fusion_builder_column_1_1 1_1 fusion-flex-column\" style=\"--awb-bg-size:cover;--awb-width-large:100%;--awb-margin-top-large:0px;--awb-spacing-right-large:1.92%;--awb-margin-bottom-large:20px;--awb-spacing-left-large:1.92%;--awb-width-medium:100%;--awb-order-medium:0;--awb-spacing-right-medium:1.92%;--awb-spacing-left-medium:1.92%;--awb-width-small:100%;--awb-order-small:0;--awb-spacing-right-small:1.92%;--awb-spacing-left-small:1.92%;\" id=\"bullets\"><div class=\"fusion-column-wrapper fusion-column-has-shadow fusion-flex-justify-content-flex-start fusion-content-layout-column\"><div class=\"fusion-text fusion-text-2\"><h2><span style=\"color: #003162;\">Data Protection and Privacy<\/span><\/h2>\n<p>At <strong>Grupo LUME<\/strong>, safeguarding your personal data is our top priority. We have a dedicated Data Protection Officer (DPO) responsible for ensuring that all our practices comply with applicable data protection laws, including the LGPD.<\/p>\n<h2><span style=\"color: #003162;\">Contact Us<\/span><\/h2>\n<p>If you have any questions about how your data is handled, or if you wish to exercise your privacy rights, please contact our <strong>DPO<\/strong> &#8211; <strong>Edson Gon\u00e7alves Nunes Junior<\/strong> via email at <strong>dpo@lumegrupo.com.br<\/strong> or by phone at <strong>+55 (41) 3204-7149<\/strong>.<\/p>\n<\/div><\/div><\/div><\/div><\/div>\n<\/p>\n","protected":false},"excerpt":{"rendered":"","protected":false},"author":3,"featured_media":0,"parent":151,"menu_order":0,"comment_status":"closed","ping_status":"closed","template":"100-width.php","meta":{"footnotes":""},"class_list":["post-1284","page","type-page","status-publish","hentry"],"yoast_head":"<!-- This site is optimized with the Yoast SEO plugin v27.2 - https:\/\/yoast.com\/product\/yoast-seo-wordpress\/ -->\n<title>Contact the DPO - Grupo LUME<\/title>\n<meta name=\"description\" content=\"Contamos com um DPO, respons\u00e1vel por garantir que todas as nossas pr\u00e1ticas estejam em conformidade com a legisla\u00e7\u00e3o de prote\u00e7\u00e3o de dados.\" \/>\n<meta name=\"robots\" content=\"index, follow, max-snippet:-1, max-image-preview:large, max-video-preview:-1\" \/>\n<link rel=\"canonical\" href=\"https:\/\/www.lumegrupo.com.br\/en\/grupo-lume\/contact-the-dpo\/\" \/>\n<meta property=\"og:locale\" content=\"pt_BR\" \/>\n<meta property=\"og:type\" content=\"article\" \/>\n<meta property=\"og:title\" content=\"Contact the DPO - Grupo LUME\" \/>\n<meta property=\"og:description\" content=\"Contamos com um DPO, respons\u00e1vel por garantir que todas as nossas pr\u00e1ticas estejam em conformidade com a legisla\u00e7\u00e3o de prote\u00e7\u00e3o de dados.\" \/>\n<meta property=\"og:url\" content=\"https:\/\/www.lumegrupo.com.br\/en\/grupo-lume\/contact-the-dpo\/\" \/>\n<meta property=\"og:site_name\" content=\"Grupo LUME\" \/>\n<meta property=\"article:publisher\" content=\"https:\/\/www.facebook.com\/grupolumetecnologia\" \/>\n<meta property=\"article:modified_time\" content=\"2025-09-20T01:58:49+00:00\" \/>\n<meta name=\"twitter:card\" content=\"summary_large_image\" \/>\n<meta name=\"twitter:label1\" content=\"Est. tempo de leitura\" \/>\n\t<meta name=\"twitter:data1\" content=\"1 minuto\" \/>\n<script type=\"application\/ld+json\" class=\"yoast-schema-graph\">{\"@context\":\"https:\/\/schema.org\",\"@graph\":[{\"@type\":\"WebPage\",\"@id\":\"https:\/\/www.lumegrupo.com.br\/en\/grupo-lume\/contact-the-dpo\/\",\"url\":\"https:\/\/www.lumegrupo.com.br\/en\/grupo-lume\/contact-the-dpo\/\",\"name\":\"Contact the DPO - Grupo LUME\",\"isPartOf\":{\"@id\":\"https:\/\/www.lumegrupo.com.br\/en\/#website\"},\"datePublished\":\"2024-06-06T14:27:21+00:00\",\"dateModified\":\"2025-09-20T01:58:49+00:00\",\"description\":\"Contamos com um DPO, respons\u00e1vel por garantir que todas as nossas pr\u00e1ticas estejam em conformidade com a legisla\u00e7\u00e3o de prote\u00e7\u00e3o de dados.\",\"breadcrumb\":{\"@id\":\"https:\/\/www.lumegrupo.com.br\/en\/grupo-lume\/contact-the-dpo\/#breadcrumb\"},\"inLanguage\":\"pt-BR\",\"potentialAction\":[{\"@type\":\"ReadAction\",\"target\":[\"https:\/\/www.lumegrupo.com.br\/en\/grupo-lume\/contact-the-dpo\/\"]}]},{\"@type\":\"BreadcrumbList\",\"@id\":\"https:\/\/www.lumegrupo.com.br\/en\/grupo-lume\/contact-the-dpo\/#breadcrumb\",\"itemListElement\":[{\"@type\":\"ListItem\",\"position\":1,\"name\":\"Home\",\"item\":\"https:\/\/www.lumegrupo.com.br\/en\/\"},{\"@type\":\"ListItem\",\"position\":2,\"name\":\"About Grupo LUME\",\"item\":\"https:\/\/www.lumegrupo.com.br\/en\/grupo-lume\/\"},{\"@type\":\"ListItem\",\"position\":3,\"name\":\"Contact the DPO\"}]},{\"@type\":\"WebSite\",\"@id\":\"https:\/\/www.lumegrupo.com.br\/en\/#website\",\"url\":\"https:\/\/www.lumegrupo.com.br\/en\/\",\"name\":\"Grupo LUME\",\"description\":\"Smart and innovative technology solutions that transform your business!\",\"publisher\":{\"@id\":\"https:\/\/www.lumegrupo.com.br\/en\/#organization\"},\"potentialAction\":[{\"@type\":\"SearchAction\",\"target\":{\"@type\":\"EntryPoint\",\"urlTemplate\":\"https:\/\/www.lumegrupo.com.br\/en\/?s={search_term_string}\"},\"query-input\":{\"@type\":\"PropertyValueSpecification\",\"valueRequired\":true,\"valueName\":\"search_term_string\"}}],\"inLanguage\":\"pt-BR\"},{\"@type\":\"Organization\",\"@id\":\"https:\/\/www.lumegrupo.com.br\/en\/#organization\",\"name\":\"Grupo LUME\",\"url\":\"https:\/\/www.lumegrupo.com.br\/en\/\",\"logo\":{\"@type\":\"ImageObject\",\"inLanguage\":\"pt-BR\",\"@id\":\"https:\/\/www.lumegrupo.com.br\/en\/#\/schema\/logo\/image\/\",\"url\":\"https:\/\/www.lumegrupo.com.br\/wp-content\/uploads\/2024\/05\/Logo-Integral.png\",\"contentUrl\":\"https:\/\/www.lumegrupo.com.br\/wp-content\/uploads\/2024\/05\/Logo-Integral.png\",\"width\":3587,\"height\":1268,\"caption\":\"Grupo LUME\"},\"image\":{\"@id\":\"https:\/\/www.lumegrupo.com.br\/en\/#\/schema\/logo\/image\/\"},\"sameAs\":[\"https:\/\/www.facebook.com\/grupolumetecnologia\",\"https:\/\/www.linkedin.com\/company\/grupolumedetecnologia\/\",\"https:\/\/www.instagram.com\/grupolumedetecnologia\/\"]}]}<\/script>\n<!-- \/ Yoast SEO plugin. -->","yoast_head_json":{"title":"Contact the DPO - Grupo LUME","description":"Contamos com um DPO, respons\u00e1vel por garantir que todas as nossas pr\u00e1ticas estejam em conformidade com a legisla\u00e7\u00e3o de prote\u00e7\u00e3o de dados.","robots":{"index":"index","follow":"follow","max-snippet":"max-snippet:-1","max-image-preview":"max-image-preview:large","max-video-preview":"max-video-preview:-1"},"canonical":"https:\/\/www.lumegrupo.com.br\/en\/grupo-lume\/contact-the-dpo\/","og_locale":"pt_BR","og_type":"article","og_title":"Contact the DPO - Grupo LUME","og_description":"Contamos com um DPO, respons\u00e1vel por garantir que todas as nossas pr\u00e1ticas estejam em conformidade com a legisla\u00e7\u00e3o de prote\u00e7\u00e3o de dados.","og_url":"https:\/\/www.lumegrupo.com.br\/en\/grupo-lume\/contact-the-dpo\/","og_site_name":"Grupo LUME","article_publisher":"https:\/\/www.facebook.com\/grupolumetecnologia","article_modified_time":"2025-09-20T01:58:49+00:00","twitter_card":"summary_large_image","twitter_misc":{"Est. tempo de leitura":"1 minuto"},"schema":{"@context":"https:\/\/schema.org","@graph":[{"@type":"WebPage","@id":"https:\/\/www.lumegrupo.com.br\/en\/grupo-lume\/contact-the-dpo\/","url":"https:\/\/www.lumegrupo.com.br\/en\/grupo-lume\/contact-the-dpo\/","name":"Contact the DPO - Grupo LUME","isPartOf":{"@id":"https:\/\/www.lumegrupo.com.br\/en\/#website"},"datePublished":"2024-06-06T14:27:21+00:00","dateModified":"2025-09-20T01:58:49+00:00","description":"Contamos com um DPO, respons\u00e1vel por garantir que todas as nossas pr\u00e1ticas estejam em conformidade com a legisla\u00e7\u00e3o de prote\u00e7\u00e3o de dados.","breadcrumb":{"@id":"https:\/\/www.lumegrupo.com.br\/en\/grupo-lume\/contact-the-dpo\/#breadcrumb"},"inLanguage":"pt-BR","potentialAction":[{"@type":"ReadAction","target":["https:\/\/www.lumegrupo.com.br\/en\/grupo-lume\/contact-the-dpo\/"]}]},{"@type":"BreadcrumbList","@id":"https:\/\/www.lumegrupo.com.br\/en\/grupo-lume\/contact-the-dpo\/#breadcrumb","itemListElement":[{"@type":"ListItem","position":1,"name":"Home","item":"https:\/\/www.lumegrupo.com.br\/en\/"},{"@type":"ListItem","position":2,"name":"About Grupo LUME","item":"https:\/\/www.lumegrupo.com.br\/en\/grupo-lume\/"},{"@type":"ListItem","position":3,"name":"Contact the DPO"}]},{"@type":"WebSite","@id":"https:\/\/www.lumegrupo.com.br\/en\/#website","url":"https:\/\/www.lumegrupo.com.br\/en\/","name":"Grupo LUME","description":"Smart and innovative technology solutions that transform your business!","publisher":{"@id":"https:\/\/www.lumegrupo.com.br\/en\/#organization"},"potentialAction":[{"@type":"SearchAction","target":{"@type":"EntryPoint","urlTemplate":"https:\/\/www.lumegrupo.com.br\/en\/?s={search_term_string}"},"query-input":{"@type":"PropertyValueSpecification","valueRequired":true,"valueName":"search_term_string"}}],"inLanguage":"pt-BR"},{"@type":"Organization","@id":"https:\/\/www.lumegrupo.com.br\/en\/#organization","name":"Grupo LUME","url":"https:\/\/www.lumegrupo.com.br\/en\/","logo":{"@type":"ImageObject","inLanguage":"pt-BR","@id":"https:\/\/www.lumegrupo.com.br\/en\/#\/schema\/logo\/image\/","url":"https:\/\/www.lumegrupo.com.br\/wp-content\/uploads\/2024\/05\/Logo-Integral.png","contentUrl":"https:\/\/www.lumegrupo.com.br\/wp-content\/uploads\/2024\/05\/Logo-Integral.png","width":3587,"height":1268,"caption":"Grupo LUME"},"image":{"@id":"https:\/\/www.lumegrupo.com.br\/en\/#\/schema\/logo\/image\/"},"sameAs":["https:\/\/www.facebook.com\/grupolumetecnologia","https:\/\/www.linkedin.com\/company\/grupolumedetecnologia\/","https:\/\/www.instagram.com\/grupolumedetecnologia\/"]}]}},"_links":{"self":[{"href":"https:\/\/www.lumegrupo.com.br\/en\/wp-json\/wp\/v2\/pages\/1284","targetHints":{"allow":["GET"]}}],"collection":[{"href":"https:\/\/www.lumegrupo.com.br\/en\/wp-json\/wp\/v2\/pages"}],"about":[{"href":"https:\/\/www.lumegrupo.com.br\/en\/wp-json\/wp\/v2\/types\/page"}],"author":[{"embeddable":true,"href":"https:\/\/www.lumegrupo.com.br\/en\/wp-json\/wp\/v2\/users\/3"}],"replies":[{"embeddable":true,"href":"https:\/\/www.lumegrupo.com.br\/en\/wp-json\/wp\/v2\/comments?post=1284"}],"version-history":[{"count":8,"href":"https:\/\/www.lumegrupo.com.br\/en\/wp-json\/wp\/v2\/pages\/1284\/revisions"}],"predecessor-version":[{"id":1303,"href":"https:\/\/www.lumegrupo.com.br\/en\/wp-json\/wp\/v2\/pages\/1284\/revisions\/1303"}],"up":[{"embeddable":true,"href":"https:\/\/www.lumegrupo.com.br\/en\/wp-json\/wp\/v2\/pages\/151"}],"wp:attachment":[{"href":"https:\/\/www.lumegrupo.com.br\/en\/wp-json\/wp\/v2\/media?parent=1284"}],"curies":[{"name":"wp","href":"https:\/\/api.w.org\/{rel}","templated":true}]}}